{"id":41,"date":"2023-03-27T11:21:17","date_gmt":"2023-03-27T11:21:17","guid":{"rendered":"https:\/\/prodeco.pt\/?page_id=41"},"modified":"2023-03-28T14:17:33","modified_gmt":"2023-03-28T14:17:33","slug":"centro-de-dia","status":"publish","type":"page","link":"https:\/\/prodeco.pt\/?page_id=41","title":{"rendered":"Centro de Dia"},"content":{"rendered":"\n<figure class=\"wp-block-pullquote\"><blockquote><p>O Centro de Dia \u00e9 uma resposta social desenvolvida em equipamento que consiste na presta\u00e7\u00e3o de servi\u00e7os que contribuem para a manuten\u00e7\u00e3o dos idosos no seu meio sociofamiliar.<\/p><\/blockquote><\/figure>\n\n\n\n<div style=\"height:51px\" aria-hidden=\"true\" class=\"wp-block-spacer\"><\/div>\n\n\n\n<p>Esta resposta social tem como objetivo contribuir para a <strong>melhoria da qualidade de vida dos idosos e suas fam\u00edlias<\/strong>, prestando cuidados individualizados e personalizados ao n\u00edvel da satisfa\u00e7\u00e3o das suas necessidades b\u00e1sicas e tamb\u00e9m em termos psicossociais, de modo a contribuir para o seu bem-estar, bem como de forma a fomentar as rela\u00e7\u00f5es interpessoais a fim de evitar o isolamento.<\/p>\n\n\n\n<div style=\"height:51px\" aria-hidden=\"true\" class=\"wp-block-spacer\"><\/div>\n\n\n\n<h5 class=\"wp-block-heading\"><strong>Servi\u00e7os<\/strong><\/h5>\n\n\n\n<div class=\"wp-block-columns is-layout-flex wp-container-core-columns-is-layout-28f84493 wp-block-columns-is-layout-flex\">\n<div class=\"wp-block-column is-layout-flow wp-block-column-is-layout-flow\">\n<figure class=\"wp-block-image aligncenter size-full\"><img loading=\"lazy\" decoding=\"async\" width=\"150\" height=\"150\" src=\"https:\/\/prodeco.pt\/wp-content\/uploads\/2023\/03\/creche-6.png\" alt=\"\" class=\"wp-image-82\"\/><\/figure>\n\n\n\n<p class=\"has-text-align-center\">Alimenta\u00e7\u00e3o<\/p>\n\n\n\n<p><\/p>\n<\/div>\n\n\n\n<div class=\"wp-block-column is-layout-flow wp-block-column-is-layout-flow\">\n<figure class=\"wp-block-image aligncenter size-full\"><img loading=\"lazy\" decoding=\"async\" width=\"150\" height=\"150\" src=\"https:\/\/prodeco.pt\/wp-content\/uploads\/2023\/03\/creche-2.png\" alt=\"\" class=\"wp-image-78\"\/><\/figure>\n\n\n\n<p class=\"has-text-align-center\">Cuidados de higiene pessoal<\/p>\n<\/div>\n\n\n\n<div class=\"wp-block-column is-layout-flow wp-block-column-is-layout-flow\">\n<figure class=\"wp-block-image aligncenter size-full\"><img loading=\"lazy\" decoding=\"async\" width=\"150\" height=\"150\" src=\"https:\/\/prodeco.pt\/wp-content\/uploads\/2023\/03\/creche-1.png\" alt=\"\" class=\"wp-image-77\"\/><\/figure>\n\n\n\n<p class=\"has-text-align-center\">Atividades de anima\u00e7\u00e3o<\/p>\n<\/div>\n<\/div>\n\n\n\n<div class=\"wp-block-columns is-layout-flex wp-container-core-columns-is-layout-28f84493 wp-block-columns-is-layout-flex\">\n<div class=\"wp-block-column is-layout-flow wp-block-column-is-layout-flow\">\n<figure class=\"wp-block-image aligncenter size-full\"><img loading=\"lazy\" decoding=\"async\" width=\"150\" height=\"150\" src=\"https:\/\/prodeco.pt\/wp-content\/uploads\/2023\/03\/drugs.png\" alt=\"\" class=\"wp-image-118\"\/><\/figure>\n\n\n\n<p class=\"has-text-align-center\">Apoio na toma de medica\u00e7\u00e3o<\/p>\n\n\n\n<p><\/p>\n<\/div>\n\n\n\n<div class=\"wp-block-column is-layout-flow wp-block-column-is-layout-flow\">\n<figure class=\"wp-block-image aligncenter size-full\"><img loading=\"lazy\" decoding=\"async\" width=\"150\" height=\"150\" src=\"https:\/\/prodeco.pt\/wp-content\/uploads\/2023\/03\/doctor.png\" alt=\"\" class=\"wp-image-117\"\/><\/figure>\n\n\n\n<p class=\"has-text-align-center\">Servi\u00e7o de enfermagem e m\u00e9dico na institui\u00e7\u00e3o<\/p>\n<\/div>\n\n\n\n<div class=\"wp-block-column is-layout-flow wp-block-column-is-layout-flow\">\n<figure class=\"wp-block-image aligncenter size-full\"><img loading=\"lazy\" decoding=\"async\" width=\"150\" height=\"150\" src=\"https:\/\/prodeco.pt\/wp-content\/uploads\/2023\/03\/creche-4.png\" alt=\"\" class=\"wp-image-80\"\/><\/figure>\n\n\n\n<p class=\"has-text-align-center\">Marca\u00e7\u00e3o de consultas e aquisi\u00e7\u00e3o de medicamentos<\/p>\n<\/div>\n<\/div>\n\n\n\n<ul class=\"wp-block-list\">\n<li><\/li>\n<\/ul>\n\n\n\n<h5 class=\"wp-block-heading\">Servi\u00e7os Complementares<\/h5>\n\n\n\n<ul class=\"wp-block-list\">\n<li>Apoio nas consultas m\u00e9dicas de especialidade;<\/li>\n\n\n\n<li>Cabeleireiro\/servi\u00e7os de est\u00e9tica;<\/li>\n\n\n\n<li>Fisioterapeuta;<\/li>\n\n\n\n<li>Tratamento de roupa;<\/li>\n\n\n\n<li>Higiene habitacional;<\/li>\n\n\n\n<li>Atividades socioculturais;<\/li>\n\n\n\n<li>Centro de dia aos s\u00e1bados e domingos;<\/li>\n\n\n\n<li>Transporte do utente para a institui\u00e7\u00e3o e da institui\u00e7\u00e3o para o domic\u00edlio;<\/li>\n\n\n\n<li>Op\u00e7\u00e3o de suplemento ou jantar;<\/li>\n\n\n\n<li>Apoio extra no domic\u00edlio, em termos de alimenta\u00e7\u00e3o e higiene.<\/li>\n<\/ul>\n\n\n\n<div style=\"height:52px\" aria-hidden=\"true\" class=\"wp-block-spacer\"><\/div>\n\n\n\n<h5 class=\"wp-block-heading\">Hor\u00e1rios de Funcionamento<\/h5>\n\n\n\n<p>De segunda a domingo, das 8h00 \u00e0s 20h00<\/p>\n\n\n\n<div style=\"height:52px\" aria-hidden=\"true\" class=\"wp-block-spacer\"><\/div>\n\n\n\n<h5 class=\"wp-block-heading\">Documentos<\/h5>\n\n\n\n<div class=\"wp-block-columns is-layout-flex wp-container-core-columns-is-layout-28f84493 wp-block-columns-is-layout-flex\">\n<div class=\"wp-block-column is-vertically-aligned-center is-layout-flow wp-block-column-is-layout-flow\">\n<p>Regulamento Centro de dia<\/p>\n<\/div>\n\n\n\n<div class=\"wp-block-column is-layout-flow wp-block-column-is-layout-flow\">\n<div class=\"wp-block-buttons is-layout-flex wp-block-buttons-is-layout-flex\">\n<div class=\"wp-block-button\"><a class=\"wp-block-button__link wp-element-button\" href=\"https:\/\/prodeco.pt\/wp-content\/themes\/fse-spiritual\/images\/docs\/Regulamento%20Centro%20de%20dia.pdf\" target=\"_blank\" rel=\"noreferrer noopener\">Descarregar<\/a><\/div>\n<\/div>\n<\/div>\n\n\n\n<div class=\"wp-block-column is-layout-flow wp-block-column-is-layout-flow\"><\/div>\n<\/div>\n\n\n\n<div class=\"wp-block-columns is-layout-flex wp-container-core-columns-is-layout-28f84493 wp-block-columns-is-layout-flex\">\n<div class=\"wp-block-column is-vertically-aligned-center is-layout-flow wp-block-column-is-layout-flow\">\n<p>Plano de Atividades Idosos<\/p>\n<\/div>\n\n\n\n<div class=\"wp-block-column is-layout-flow wp-block-column-is-layout-flow\">\n<div class=\"wp-block-buttons is-layout-flex wp-block-buttons-is-layout-flex\">\n<div class=\"wp-block-button\"><a class=\"wp-block-button__link wp-element-button\" href=\"https:\/\/prodeco.pt\/wp-content\/themes\/fse-spiritual\/images\/docs\/Plano%20atividades%20idosos.pdf\" target=\"_blank\" rel=\"noreferrer noopener\">Descarregar<\/a><\/div>\n<\/div>\n<\/div>\n\n\n\n<div class=\"wp-block-column is-layout-flow wp-block-column-is-layout-flow\"><\/div>\n<\/div>\n\n\n\n<div class=\"wp-block-columns is-layout-flex wp-container-core-columns-is-layout-28f84493 wp-block-columns-is-layout-flex\">\n<div class=\"wp-block-column is-vertically-aligned-center is-layout-flow wp-block-column-is-layout-flow\">\n<p>Ficha de Inscri\u00e7\u00e3o Idosos<\/p>\n<\/div>\n\n\n\n<div class=\"wp-block-column is-layout-flow wp-block-column-is-layout-flow\">\n<div class=\"wp-block-buttons is-layout-flex wp-block-buttons-is-layout-flex\">\n<div class=\"wp-block-button\"><a class=\"wp-block-button__link wp-element-button\" href=\"https:\/\/prodeco.pt\/wp-content\/themes\/fse-spiritual\/images\/docs\/FICHA%20DE%20INSCRI%C3%87%C3%83O%20IDOSOS.docx\" target=\"_blank\" rel=\"noreferrer noopener\">Descarregar<\/a><\/div>\n<\/div>\n<\/div>\n\n\n\n<div class=\"wp-block-column is-layout-flow wp-block-column-is-layout-flow\"><\/div>\n<\/div>\n\n\n\n<div style=\"height:61px\" aria-hidden=\"true\" class=\"wp-block-spacer\"><\/div>\n\n\n\n<div style=\"height:51px\" aria-hidden=\"true\" class=\"wp-block-spacer\"><\/div>\n","protected":false},"excerpt":{"rendered":"<p>O Centro de Dia \u00e9 uma resposta social desenvolvida em equipamento que consiste na presta\u00e7\u00e3o de servi\u00e7os que contribuem para a manuten\u00e7\u00e3o dos idosos no seu meio sociofamiliar. [&hellip;]<\/p>\n","protected":false},"author":1,"featured_media":0,"parent":0,"menu_order":0,"comment_status":"closed","ping_status":"closed","template":"","meta":{"ngg_post_thumbnail":0,"footnotes":""},"class_list":["post-41","page","type-page","status-publish","hentry"],"_links":{"self":[{"href":"https:\/\/prodeco.pt\/index.php?rest_route=\/wp\/v2\/pages\/41","targetHints":{"allow":["GET"]}}],"collection":[{"href":"https:\/\/prodeco.pt\/index.php?rest_route=\/wp\/v2\/pages"}],"about":[{"href":"https:\/\/prodeco.pt\/index.php?rest_route=\/wp\/v2\/types\/page"}],"author":[{"embeddable":true,"href":"https:\/\/prodeco.pt\/index.php?rest_route=\/wp\/v2\/users\/1"}],"replies":[{"embeddable":true,"href":"https:\/\/prodeco.pt\/index.php?rest_route=%2Fwp%2Fv2%2Fcomments&post=41"}],"version-history":[{"count":8,"href":"https:\/\/prodeco.pt\/index.php?rest_route=\/wp\/v2\/pages\/41\/revisions"}],"predecessor-version":[{"id":122,"href":"https:\/\/prodeco.pt\/index.php?rest_route=\/wp\/v2\/pages\/41\/revisions\/122"}],"wp:attachment":[{"href":"https:\/\/prodeco.pt\/index.php?rest_route=%2Fwp%2Fv2%2Fmedia&parent=41"}],"curies":[{"name":"wp","href":"https:\/\/api.w.org\/{rel}","templated":true}]}}