{"id":37,"date":"2023-03-27T11:20:30","date_gmt":"2023-03-27T11:20:30","guid":{"rendered":"https:\/\/prodeco.pt\/?page_id=37"},"modified":"2023-03-28T11:13:15","modified_gmt":"2023-03-28T11:13:15","slug":"estrutura-residencial-para-idosos-erpi","status":"publish","type":"page","link":"https:\/\/prodeco.pt\/?page_id=37","title":{"rendered":"Estrutura Residencial para Idosos (ERPI)"},"content":{"rendered":"\n<figure class=\"wp-block-pullquote\"><blockquote><p>Considera-se Estrutura Residencial para Pessoas Idosas (ERPI), o estabelecimento para alojamento coletivo, de utiliza\u00e7\u00e3o tempor\u00e1ria ou permanente, em que sejam desenvolvidas atividades de apoio social e prestados cuidados de enfermagem.<\/p><\/blockquote><\/figure>\n\n\n\n<div style=\"height:51px\" aria-hidden=\"true\" class=\"wp-block-spacer\"><\/div>\n\n\n\n<p>Compete a esta resposta proporcionar <strong>servi\u00e7os permanentes e adequados \u00e0 problem\u00e1tica biopsicossocial das pessoas idosas<\/strong>, fomentando a integra\u00e7\u00e3o social, bem como contribuir para a estimula\u00e7\u00e3o de um processo de envelhecimento ativo, promovendo a preserva\u00e7\u00e3o das rela\u00e7\u00f5es intrafamiliar.<\/p>\n\n\n\n<div style=\"height:51px\" aria-hidden=\"true\" class=\"wp-block-spacer\"><\/div>\n\n\n\n<h5 class=\"wp-block-heading\"><strong>Servi\u00e7os<\/strong><\/h5>\n\n\n\n<div class=\"wp-block-columns is-layout-flex wp-container-core-columns-is-layout-28f84493 wp-block-columns-is-layout-flex\">\n<div class=\"wp-block-column is-layout-flow wp-block-column-is-layout-flow\">\n<figure class=\"wp-block-image aligncenter size-full\"><img loading=\"lazy\" decoding=\"async\" width=\"150\" height=\"150\" src=\"https:\/\/prodeco.pt\/wp-content\/uploads\/2023\/03\/creche-6.png\" alt=\"\" class=\"wp-image-82\"\/><\/figure>\n\n\n\n<p class=\"has-text-align-center\">Alimenta\u00e7\u00e3o adequada \u00e0s necessidades dos residentes, respeitando as prescri\u00e7\u00f5es m\u00e9dicas<\/p>\n\n\n\n<p><\/p>\n<\/div>\n\n\n\n<div class=\"wp-block-column is-layout-flow wp-block-column-is-layout-flow\">\n<figure class=\"wp-block-image aligncenter size-full\"><img loading=\"lazy\" decoding=\"async\" width=\"150\" height=\"150\" src=\"https:\/\/prodeco.pt\/wp-content\/uploads\/2023\/03\/creche-2.png\" alt=\"\" class=\"wp-image-78\"\/><\/figure>\n\n\n\n<p class=\"has-text-align-center\">Cuidados de higiene pessoal<\/p>\n<\/div>\n\n\n\n<div class=\"wp-block-column is-layout-flow wp-block-column-is-layout-flow\">\n<figure class=\"wp-block-image aligncenter size-full\"><img loading=\"lazy\" decoding=\"async\" width=\"150\" height=\"150\" src=\"https:\/\/prodeco.pt\/wp-content\/uploads\/2023\/03\/helping-hand.png\" alt=\"\" class=\"wp-image-102\"\/><\/figure>\n\n\n\n<p class=\"has-text-align-center\">Apoio no desempenho das atividades da vida di\u00e1ria<\/p>\n<\/div>\n<\/div>\n\n\n\n<div class=\"wp-block-columns is-layout-flex wp-container-core-columns-is-layout-28f84493 wp-block-columns-is-layout-flex\">\n<div class=\"wp-block-column is-layout-flow wp-block-column-is-layout-flow\">\n<figure class=\"wp-block-image aligncenter size-full\"><img loading=\"lazy\" decoding=\"async\" width=\"150\" height=\"150\" src=\"https:\/\/prodeco.pt\/wp-content\/uploads\/2023\/03\/creche-1.png\" alt=\"\" class=\"wp-image-77\"\/><\/figure>\n\n\n\n<p class=\"has-text-align-center\">Atividades de anima\u00e7\u00e3o sociocultural, l\u00fadico-recreativas e ocupacionais, que visem contribuir para um clima de relacionamento saud\u00e1vel entre os residentes e para a estimula\u00e7\u00e3o e manuten\u00e7\u00e3o das suas capacidades f\u00edsicas e ps\u00edquicas<\/p>\n\n\n\n<p><\/p>\n<\/div>\n\n\n\n<div class=\"wp-block-column is-layout-flow wp-block-column-is-layout-flow\">\n<figure class=\"wp-block-image aligncenter size-full\"><img loading=\"lazy\" decoding=\"async\" width=\"150\" height=\"150\" src=\"https:\/\/prodeco.pt\/wp-content\/uploads\/2023\/03\/creche-4.png\" alt=\"\" class=\"wp-image-80\"\/><\/figure>\n\n\n\n<p class=\"has-text-align-center\">Cuidados de enfermagem, bem como o acesso a cuidados de sa\u00fade<\/p>\n\n\n\n<p class=\"has-text-align-center\">Administra\u00e7\u00e3o de f\u00e1rmacos, quando prescritos<\/p>\n<\/div>\n\n\n\n<div class=\"wp-block-column is-layout-flow wp-block-column-is-layout-flow\">\n<figure class=\"wp-block-image aligncenter size-full\"><img loading=\"lazy\" decoding=\"async\" width=\"150\" height=\"150\" src=\"https:\/\/prodeco.pt\/wp-content\/uploads\/2023\/03\/clean.png\" alt=\"\" class=\"wp-image-107\"\/><\/figure>\n\n\n\n<p class=\"has-text-align-center\">Tratamento de roupa<\/p>\n\n\n\n<p class=\"has-text-align-center\">Higiene dos espa\u00e7os<\/p>\n<\/div>\n<\/div>\n\n\n\n<ul class=\"wp-block-list\">\n<li><\/li>\n<\/ul>\n\n\n\n<h5 class=\"wp-block-heading\">Servi\u00e7os Complementares<\/h5>\n\n\n\n<p>A PRODECO disponibiliza outro tipo de servi\u00e7os, visando a melhoria da qualidade de vida dos seus residentes, nomeadamente:<\/p>\n\n\n\n<ul class=\"wp-block-list\">\n<li>Fisioterapia;<\/li>\n\n\n\n<li>Cabeleireiro;<\/li>\n\n\n\n<li>Transporte;<\/li>\n\n\n\n<li>Aquisi\u00e7\u00e3o de medicamentos e fraldas;<\/li>\n\n\n\n<li>M\u00fasica;<\/li>\n\n\n\n<li>Gin\u00e1stica;<\/li>\n\n\n\n<li>Algumas atividades socioculturais no exterior.<\/li>\n<\/ul>\n\n\n\n<div style=\"height:52px\" aria-hidden=\"true\" class=\"wp-block-spacer\"><\/div>\n\n\n\n<h5 class=\"wp-block-heading\">Documentos<\/h5>\n\n\n\n<div class=\"wp-block-columns is-layout-flex wp-container-core-columns-is-layout-28f84493 wp-block-columns-is-layout-flex\">\n<div class=\"wp-block-column is-vertically-aligned-center is-layout-flow wp-block-column-is-layout-flow\">\n<p>Regulamento ERPI<\/p>\n<\/div>\n\n\n\n<div class=\"wp-block-column is-layout-flow wp-block-column-is-layout-flow\">\n<div class=\"wp-block-buttons is-layout-flex wp-block-buttons-is-layout-flex\">\n<div class=\"wp-block-button\"><a class=\"wp-block-button__link wp-element-button\" href=\"https:\/\/prodeco.pt\/wp-content\/themes\/fse-spiritual\/images\/docs\/Regulamento%20ERPI.pdf\" target=\"_blank\" rel=\"noreferrer noopener\">Descarregar<\/a><\/div>\n<\/div>\n<\/div>\n\n\n\n<div class=\"wp-block-column is-layout-flow wp-block-column-is-layout-flow\"><\/div>\n<\/div>\n\n\n\n<div class=\"wp-block-columns is-layout-flex wp-container-core-columns-is-layout-28f84493 wp-block-columns-is-layout-flex\">\n<div class=\"wp-block-column is-vertically-aligned-center is-layout-flow wp-block-column-is-layout-flow\">\n<p>Plano de Atividades Idosos<\/p>\n<\/div>\n\n\n\n<div class=\"wp-block-column is-layout-flow wp-block-column-is-layout-flow\">\n<div class=\"wp-block-buttons is-layout-flex wp-block-buttons-is-layout-flex\">\n<div class=\"wp-block-button\"><a class=\"wp-block-button__link wp-element-button\" href=\"https:\/\/prodeco.pt\/wp-content\/themes\/fse-spiritual\/images\/docs\/Plano%20atividades%20idosos.pdf\" target=\"_blank\" rel=\"noreferrer noopener\">Descarregar<\/a><\/div>\n<\/div>\n<\/div>\n\n\n\n<div class=\"wp-block-column is-layout-flow wp-block-column-is-layout-flow\"><\/div>\n<\/div>\n\n\n\n<div class=\"wp-block-columns is-layout-flex wp-container-core-columns-is-layout-28f84493 wp-block-columns-is-layout-flex\">\n<div class=\"wp-block-column is-vertically-aligned-center is-layout-flow wp-block-column-is-layout-flow\">\n<p>Ficha de Inscri\u00e7\u00e3o Idosos<\/p>\n<\/div>\n\n\n\n<div class=\"wp-block-column is-layout-flow wp-block-column-is-layout-flow\">\n<div class=\"wp-block-buttons is-layout-flex wp-block-buttons-is-layout-flex\">\n<div class=\"wp-block-button\"><a class=\"wp-block-button__link wp-element-button\" href=\"https:\/\/prodeco.pt\/wp-content\/themes\/fse-spiritual\/images\/docs\/FICHA%20DE%20INSCRI%C3%87%C3%83O%20IDOSOS.docx\" target=\"_blank\" rel=\"noreferrer noopener\">Descarregar<\/a><\/div>\n<\/div>\n<\/div>\n\n\n\n<div class=\"wp-block-column is-layout-flow wp-block-column-is-layout-flow\"><\/div>\n<\/div>\n\n\n\n<div style=\"height:61px\" aria-hidden=\"true\" class=\"wp-block-spacer\"><\/div>\n\n\n\n<div style=\"height:51px\" aria-hidden=\"true\" class=\"wp-block-spacer\"><\/div>\n","protected":false},"excerpt":{"rendered":"<p>Considera-se Estrutura Residencial para Pessoas Idosas (ERPI), o estabelecimento para alojamento coletivo, de utiliza\u00e7\u00e3o tempor\u00e1ria ou permanente, em que sejam desenvolvidas atividades de apoio social e prestados cuidados [&hellip;]<\/p>\n","protected":false},"author":1,"featured_media":0,"parent":0,"menu_order":0,"comment_status":"closed","ping_status":"closed","template":"","meta":{"ngg_post_thumbnail":0,"footnotes":""},"class_list":["post-37","page","type-page","status-publish","hentry"],"_links":{"self":[{"href":"https:\/\/prodeco.pt\/index.php?rest_route=\/wp\/v2\/pages\/37","targetHints":{"allow":["GET"]}}],"collection":[{"href":"https:\/\/prodeco.pt\/index.php?rest_route=\/wp\/v2\/pages"}],"about":[{"href":"https:\/\/prodeco.pt\/index.php?rest_route=\/wp\/v2\/types\/page"}],"author":[{"embeddable":true,"href":"https:\/\/prodeco.pt\/index.php?rest_route=\/wp\/v2\/users\/1"}],"replies":[{"embeddable":true,"href":"https:\/\/prodeco.pt\/index.php?rest_route=%2Fwp%2Fv2%2Fcomments&post=37"}],"version-history":[{"count":3,"href":"https:\/\/prodeco.pt\/index.php?rest_route=\/wp\/v2\/pages\/37\/revisions"}],"predecessor-version":[{"id":110,"href":"https:\/\/prodeco.pt\/index.php?rest_route=\/wp\/v2\/pages\/37\/revisions\/110"}],"wp:attachment":[{"href":"https:\/\/prodeco.pt\/index.php?rest_route=%2Fwp%2Fv2%2Fmedia&parent=37"}],"curies":[{"name":"wp","href":"https:\/\/api.w.org\/{rel}","templated":true}]}}