{"id":35,"date":"2023-03-27T11:19:59","date_gmt":"2023-03-27T11:19:59","guid":{"rendered":"https:\/\/prodeco.pt\/?page_id=35"},"modified":"2023-03-28T10:57:30","modified_gmt":"2023-03-28T10:57:30","slug":"catl","status":"publish","type":"page","link":"https:\/\/prodeco.pt\/?page_id=35","title":{"rendered":"CATL"},"content":{"rendered":"\n<figure class=\"wp-block-pullquote\"><blockquote><p><em>\u201cS\u00e3o objetivos fundamentais dos centros de atividades de tempos livres (\u2026) criar um ambiente prop\u00edcio ao desenvolvimento pessoal de cada crian\u00e7a ou jovem, por forma a ser capaz de se situar e expressar num clima de compreens\u00e3o, respeito e aceita\u00e7\u00e3o de cada um\u201d<\/em><\/p><cite>Direc\u00e7\u00e3o-Geral da A\u00e7\u00e3o Social, 1998<\/cite><\/blockquote><\/figure>\n\n\n\n<div style=\"height:51px\" aria-hidden=\"true\" class=\"wp-block-spacer\"><\/div>\n\n\n\n<p>O CATL \u00e9 uma resposta social de natureza socioeducativa vocacionada para o <strong>apoio \u00e0 fam\u00edlia e \u00e0 crian\u00e7a<\/strong>, destinada a acolher <strong>crian\u00e7as do 1\u00ba ciclo<\/strong>, durante o per\u00edodo correspondente ao impedimento dos pais ou de quem exer\u00e7a as responsabilidades parentais.<\/p>\n\n\n\n<div style=\"height:51px\" aria-hidden=\"true\" class=\"wp-block-spacer\"><\/div>\n\n\n\n<h5 class=\"wp-block-heading\"><strong>Servi\u00e7os<\/strong><\/h5>\n\n\n\n<div class=\"wp-block-columns is-layout-flex wp-container-core-columns-is-layout-28f84493 wp-block-columns-is-layout-flex\">\n<div class=\"wp-block-column is-layout-flow wp-block-column-is-layout-flow\">\n<figure class=\"wp-block-image aligncenter size-full\"><img loading=\"lazy\" decoding=\"async\" width=\"150\" height=\"150\" src=\"https:\/\/prodeco.pt\/wp-content\/uploads\/2023\/03\/creche-6.png\" alt=\"\" class=\"wp-image-82\"\/><\/figure>\n\n\n\n<p class=\"has-text-align-center\">Alimenta\u00e7\u00e3o<\/p>\n\n\n\n<p><\/p>\n<\/div>\n\n\n\n<div class=\"wp-block-column is-layout-flow wp-block-column-is-layout-flow\">\n<figure class=\"wp-block-image aligncenter size-full\"><img loading=\"lazy\" decoding=\"async\" width=\"150\" height=\"150\" src=\"https:\/\/prodeco.pt\/wp-content\/uploads\/2023\/03\/creche-2.png\" alt=\"\" class=\"wp-image-78\"\/><\/figure>\n\n\n\n<p class=\"has-text-align-center\">Cuidados de higiene adequados \u00e0 idade da crian\u00e7a<\/p>\n<\/div>\n\n\n\n<div class=\"wp-block-column is-layout-flow wp-block-column-is-layout-flow\">\n<figure class=\"wp-block-image aligncenter size-full\"><img loading=\"lazy\" decoding=\"async\" width=\"150\" height=\"150\" src=\"https:\/\/prodeco.pt\/wp-content\/uploads\/2023\/03\/helping-hand.png\" alt=\"\" class=\"wp-image-102\"\/><\/figure>\n\n\n\n<p class=\"has-text-align-center\">Apoio sociofamiliar<\/p>\n<\/div>\n<\/div>\n\n\n\n<div class=\"wp-block-columns is-layout-flex wp-container-core-columns-is-layout-28f84493 wp-block-columns-is-layout-flex\">\n<div class=\"wp-block-column is-layout-flow wp-block-column-is-layout-flow\">\n<figure class=\"wp-block-image aligncenter size-full\"><img loading=\"lazy\" decoding=\"async\" width=\"150\" height=\"150\" src=\"https:\/\/prodeco.pt\/wp-content\/uploads\/2023\/03\/creche-1.png\" alt=\"\" class=\"wp-image-77\"\/><\/figure>\n\n\n\n<p class=\"has-text-align-center\">Atividades l\u00fadico-pedag\u00f3gicas<\/p>\n\n\n\n<p><\/p>\n<\/div>\n\n\n\n<div class=\"wp-block-column is-layout-flow wp-block-column-is-layout-flow\">\n<figure class=\"wp-block-image aligncenter size-full\"><img loading=\"lazy\" decoding=\"async\" width=\"150\" height=\"150\" src=\"https:\/\/prodeco.pt\/wp-content\/uploads\/2023\/03\/reading-book.png\" alt=\"\" class=\"wp-image-103\"\/><\/figure>\n\n\n\n<p class=\"has-text-align-center\">Apoio ao estudo<\/p>\n<\/div>\n\n\n\n<div class=\"wp-block-column is-layout-flow wp-block-column-is-layout-flow\">\n<figure class=\"wp-block-image aligncenter size-full\"><img loading=\"lazy\" decoding=\"async\" width=\"150\" height=\"150\" src=\"https:\/\/prodeco.pt\/wp-content\/uploads\/2023\/03\/add.png\" alt=\"\" class=\"wp-image-101\"\/><\/figure>\n\n\n\n<p class=\"has-text-align-center\">Pode ainda prestar servi\u00e7os complementares durante a interrup\u00e7\u00e3o das atividades letivas, atividades socioculturais que poder\u00e3o ou n\u00e3o ter um custo associado, a definir tendo em conta a atividade realizada.<\/p>\n<\/div>\n<\/div>\n\n\n\n<ul class=\"wp-block-list\">\n<li><\/li>\n<\/ul>\n\n\n\n<div style=\"height:51px\" aria-hidden=\"true\" class=\"wp-block-spacer\"><\/div>\n\n\n\n<h5 class=\"wp-block-heading\">Hor\u00e1rios de funcionamento<\/h5>\n\n\n\n<p><strong>Hor\u00e1rio letivo:<\/strong> De segunda a sexta, das 7h30 \u00e0s 9h00 e das 15h30 \u00e0s 19h00<\/p>\n\n\n\n<p><strong>Hor\u00e1rio n\u00e3o letivo:<\/strong> De segunda a sexta, das 7h30 \u00e0s 19h00<\/p>\n\n\n\n<div style=\"height:51px\" aria-hidden=\"true\" class=\"wp-block-spacer\"><\/div>\n\n\n\n<h5 class=\"wp-block-heading\">Documentos<\/h5>\n\n\n\n<div class=\"wp-block-columns is-layout-flex wp-container-core-columns-is-layout-28f84493 wp-block-columns-is-layout-flex\">\n<div class=\"wp-block-column is-vertically-aligned-center is-layout-flow wp-block-column-is-layout-flow\">\n<p>Regulamento CATL<\/p>\n<\/div>\n\n\n\n<div class=\"wp-block-column is-layout-flow wp-block-column-is-layout-flow\">\n<div class=\"wp-block-buttons is-layout-flex wp-block-buttons-is-layout-flex\">\n<div class=\"wp-block-button\"><a class=\"wp-block-button__link wp-element-button\" href=\"https:\/\/prodeco.pt\/wp-content\/themes\/fse-spiritual\/images\/docs\/regulamento%20CATL.pdf\" target=\"_blank\" rel=\"noreferrer noopener\">Descarregar<\/a><\/div>\n<\/div>\n<\/div>\n\n\n\n<div class=\"wp-block-column is-layout-flow wp-block-column-is-layout-flow\"><\/div>\n<\/div>\n\n\n\n<div class=\"wp-block-columns is-layout-flex wp-container-core-columns-is-layout-28f84493 wp-block-columns-is-layout-flex\">\n<div class=\"wp-block-column is-vertically-aligned-center is-layout-flow wp-block-column-is-layout-flow\">\n<p>Projeto Educativo de Institui\u00e7\u00e3o<\/p>\n<\/div>\n\n\n\n<div class=\"wp-block-column is-layout-flow wp-block-column-is-layout-flow\">\n<div class=\"wp-block-buttons is-layout-flex wp-block-buttons-is-layout-flex\">\n<div class=\"wp-block-button\"><a class=\"wp-block-button__link wp-element-button\" href=\"https:\/\/prodeco.pt\/wp-content\/themes\/fse-spiritual\/images\/docs\/projeto%20educativo%20da%20institui%C3%A7%C3%A3o.pdf\" target=\"_blank\" rel=\"noreferrer noopener\">Descarregar<\/a><\/div>\n<\/div>\n<\/div>\n\n\n\n<div class=\"wp-block-column is-layout-flow wp-block-column-is-layout-flow\"><\/div>\n<\/div>\n\n\n\n<div style=\"height:51px\" aria-hidden=\"true\" class=\"wp-block-spacer\"><\/div>\n","protected":false},"excerpt":{"rendered":"<p>\u201cS\u00e3o objetivos fundamentais dos centros de atividades de tempos livres (\u2026) criar um ambiente prop\u00edcio ao desenvolvimento pessoal de cada crian\u00e7a ou jovem, por forma a ser capaz [&hellip;]<\/p>\n","protected":false},"author":1,"featured_media":0,"parent":0,"menu_order":0,"comment_status":"closed","ping_status":"closed","template":"","meta":{"ngg_post_thumbnail":0,"footnotes":""},"class_list":["post-35","page","type-page","status-publish","hentry"],"_links":{"self":[{"href":"https:\/\/prodeco.pt\/index.php?rest_route=\/wp\/v2\/pages\/35","targetHints":{"allow":["GET"]}}],"collection":[{"href":"https:\/\/prodeco.pt\/index.php?rest_route=\/wp\/v2\/pages"}],"about":[{"href":"https:\/\/prodeco.pt\/index.php?rest_route=\/wp\/v2\/types\/page"}],"author":[{"embeddable":true,"href":"https:\/\/prodeco.pt\/index.php?rest_route=\/wp\/v2\/users\/1"}],"replies":[{"embeddable":true,"href":"https:\/\/prodeco.pt\/index.php?rest_route=%2Fwp%2Fv2%2Fcomments&post=35"}],"version-history":[{"count":3,"href":"https:\/\/prodeco.pt\/index.php?rest_route=\/wp\/v2\/pages\/35\/revisions"}],"predecessor-version":[{"id":105,"href":"https:\/\/prodeco.pt\/index.php?rest_route=\/wp\/v2\/pages\/35\/revisions\/105"}],"wp:attachment":[{"href":"https:\/\/prodeco.pt\/index.php?rest_route=%2Fwp%2Fv2%2Fmedia&parent=35"}],"curies":[{"name":"wp","href":"https:\/\/api.w.org\/{rel}","templated":true}]}}