{"id":33,"date":"2023-03-27T11:19:37","date_gmt":"2023-03-27T11:19:37","guid":{"rendered":"https:\/\/prodeco.pt\/?page_id=33"},"modified":"2023-03-28T10:37:09","modified_gmt":"2023-03-28T10:37:09","slug":"jardim-de-infancia","status":"publish","type":"page","link":"https:\/\/prodeco.pt\/?page_id=33","title":{"rendered":"Jardim de Inf\u00e2ncia"},"content":{"rendered":"\n<figure class=\"wp-block-pullquote\"><blockquote><p><em>\u201cA educa\u00e7\u00e3o pr\u00e9-escolar \u00e9 a primeira etapa da educa\u00e7\u00e3o b\u00e1sica no processo de educa\u00e7\u00e3o ao longo da vida, sendo complementar da a\u00e7\u00e3o educativa da fam\u00edlia, com a qual deve estabelecer estreita coopera\u00e7\u00e3o, favorecendo a forma\u00e7\u00e3o e o desenvolvimento equilibrado da crian\u00e7a, tendo em vista a sua plena inser\u00e7\u00e3o na sociedade como ser aut\u00f3nomo, livre e solid\u00e1rio.\u201d<\/em><\/p><cite>Dire\u00e7\u00e3o Geral da Educa\u00e7\u00e3o<\/cite><\/blockquote><\/figure>\n\n\n\n<div style=\"height:51px\" aria-hidden=\"true\" class=\"wp-block-spacer\"><\/div>\n\n\n\n<p>Destina-se a crian\u00e7as dos <strong>3 anos de idade at\u00e9 ao seu ingresso no ensino b\u00e1sico<\/strong>.<\/p>\n\n\n\n<p>O Pr\u00e9-escolar da PRODECO est\u00e1 organizado em duas componentes, uma <strong>educativa <\/strong>e outra de <strong>apoio \u00e0 fam\u00edlia<\/strong>, prestando, em cada uma delas, um conjunto de atividades e servi\u00e7os.<\/p>\n\n\n\n<h5 class=\"wp-block-heading\"><strong>Componente Educativa<\/strong><\/h5>\n\n\n\n<ul class=\"wp-block-list\">\n<li>Atividades pedag\u00f3gicas, l\u00fadicas e de motricidade, em fun\u00e7\u00e3o da idade e necessidades espec\u00edficas da crian\u00e7a e de acordo com o Projeto Educativo e Curricular da sala;<\/li>\n\n\n\n<li>Cuidados adequados \u00e0 satisfa\u00e7\u00e3o das necessidades da crian\u00e7a;<\/li>\n\n\n\n<li>Atendimento individualizado, de acordo com as capacidades e compet\u00eancias da crian\u00e7a;<\/li>\n\n\n\n<li>Disponibiliza\u00e7\u00e3o de informa\u00e7\u00e3o \u00e0 fam\u00edlia, sobre o funcionamento do pr\u00e9-escolar e desenvolvimento da crian\u00e7a.<\/li>\n<\/ul>\n\n\n\n<h5 class=\"wp-block-heading\"><strong>Componente de Apoio \u00e0 Fam\u00edlia<\/strong><\/h5>\n\n\n\n<ul class=\"wp-block-list\">\n<li>Cuidados adequados \u00e0 satisfa\u00e7\u00e3o das necessidades da crian\u00e7a;<\/li>\n\n\n\n<li>Nutri\u00e7\u00e3o e alimenta\u00e7\u00e3o adequada, qualitativa e quantitativamente, de acordo com a idade da crian\u00e7a, sem preju\u00edzo de dietas especiais em caso de prescri\u00e7\u00e3o m\u00e9dica;<\/li>\n\n\n\n<li>Atendimento individualizado, de acordo com as capacidades e compet\u00eancias da crian\u00e7a;<\/li>\n\n\n\n<li>Alargamento do hor\u00e1rio de funcionamento;<\/li>\n\n\n\n<li>Atividades de enriquecimento curricular, de anima\u00e7\u00e3o e de apoio \u00e0 fam\u00edlia;<\/li>\n\n\n\n<li>Disponibiliza\u00e7\u00e3o de informa\u00e7\u00e3o \u00e0 fam\u00edlia, sobre o funcionamento do equipamento e desenvolvimento da crian\u00e7a.<\/li>\n<\/ul>\n\n\n\n<h6 class=\"wp-block-heading\">Servi\u00e7os complementares<\/h6>\n\n\n\n<ul class=\"wp-block-list\">\n<li>M\u00fasica<\/li>\n\n\n\n<li>Ingl\u00eas<\/li>\n\n\n\n<li>Outros a definir no Projeto Educativo e que se mostrem essenciais para um desenvolvimento pleno.<\/li>\n<\/ul>\n\n\n\n<div style=\"height:51px\" aria-hidden=\"true\" class=\"wp-block-spacer\"><\/div>\n\n\n\n<h5 class=\"wp-block-heading\">Hor\u00e1rio de funcionamento<\/h5>\n\n\n\n<p>De segunda a sexta, das 7h30 \u00e0s 19h30<\/p>\n\n\n\n<div style=\"height:51px\" aria-hidden=\"true\" class=\"wp-block-spacer\"><\/div>\n\n\n\n<h5 class=\"wp-block-heading\">Documentos<\/h5>\n\n\n\n<div class=\"wp-block-columns are-vertically-aligned-center is-layout-flex wp-container-core-columns-is-layout-28f84493 wp-block-columns-is-layout-flex\">\n<div class=\"wp-block-column is-vertically-aligned-center is-layout-flow wp-block-column-is-layout-flow\">\n<p>Regulamento Pr\u00e9 escolar<\/p>\n<\/div>\n\n\n\n<div class=\"wp-block-column is-vertically-aligned-center is-layout-flow wp-block-column-is-layout-flow\">\n<div class=\"wp-block-buttons is-layout-flex wp-block-buttons-is-layout-flex\">\n<div class=\"wp-block-button\"><a class=\"wp-block-button__link wp-element-button\" href=\"https:\/\/prodeco.pt\/wp-content\/themes\/fse-spiritual\/images\/docs\/Regulamento%20Pr%C3%A9%20escolar.pdf\" target=\"_blank\" rel=\"noreferrer noopener\">Descarregar<\/a><\/div>\n<\/div>\n<\/div>\n\n\n\n<div class=\"wp-block-column is-vertically-aligned-center is-layout-flow wp-block-column-is-layout-flow\"><\/div>\n<\/div>\n\n\n\n<div class=\"wp-block-columns is-layout-flex wp-container-core-columns-is-layout-28f84493 wp-block-columns-is-layout-flex\">\n<div class=\"wp-block-column is-vertically-aligned-center is-layout-flow wp-block-column-is-layout-flow\">\n<p>Projeto Curricular Sala Mista<\/p>\n<\/div>\n\n\n\n<div class=\"wp-block-column is-layout-flow wp-block-column-is-layout-flow\">\n<div class=\"wp-block-buttons is-layout-flex wp-block-buttons-is-layout-flex\">\n<div class=\"wp-block-button\"><a class=\"wp-block-button__link wp-element-button\" href=\"https:\/\/prodeco.pt\/wp-content\/themes\/fse-spiritual\/images\/docs\/Projeto%20Curricular%20sala%20mista.pdf\" target=\"_blank\" rel=\"noreferrer noopener\">Descarregar<\/a><\/div>\n<\/div>\n<\/div>\n\n\n\n<div class=\"wp-block-column is-layout-flow wp-block-column-is-layout-flow\"><\/div>\n<\/div>\n\n\n\n<div class=\"wp-block-columns is-layout-flex wp-container-core-columns-is-layout-28f84493 wp-block-columns-is-layout-flex\">\n<div class=\"wp-block-column is-vertically-aligned-center is-layout-flow wp-block-column-is-layout-flow\">\n<p>Projeto Curricular Prodeco &#8211; 2022-2023<\/p>\n<\/div>\n\n\n\n<div class=\"wp-block-column is-layout-flow wp-block-column-is-layout-flow\">\n<div class=\"wp-block-buttons is-layout-flex wp-block-buttons-is-layout-flex\">\n<div class=\"wp-block-button\"><a class=\"wp-block-button__link wp-element-button\" href=\"https:\/\/prodeco.pt\/wp-content\/themes\/fse-spiritual\/images\/docs\/Projeto%20curricular%20Prodeco%20-%202022-2023.pdf\" target=\"_blank\" rel=\"noreferrer noopener\">Descarregar<\/a><\/div>\n<\/div>\n<\/div>\n\n\n\n<div class=\"wp-block-column is-layout-flow wp-block-column-is-layout-flow\"><\/div>\n<\/div>\n\n\n\n<div class=\"wp-block-columns is-layout-flex wp-container-core-columns-is-layout-28f84493 wp-block-columns-is-layout-flex\">\n<div class=\"wp-block-column is-vertically-aligned-center is-layout-flow wp-block-column-is-layout-flow\">\n<p>Plano de Atividade Creche e Jardim<\/p>\n<\/div>\n\n\n\n<div class=\"wp-block-column is-layout-flow wp-block-column-is-layout-flow\">\n<div class=\"wp-block-buttons is-layout-flex wp-block-buttons-is-layout-flex\">\n<div class=\"wp-block-button\"><a class=\"wp-block-button__link wp-element-button\" href=\"https:\/\/prodeco.pt\/wp-content\/themes\/fse-spiritual\/images\/docs\/plano%20de%20atividade%20creche%20e%20jardim.pdf\" target=\"_blank\" rel=\"noreferrer noopener\">Descarregar<\/a><\/div>\n<\/div>\n<\/div>\n\n\n\n<div class=\"wp-block-column is-layout-flow wp-block-column-is-layout-flow\"><\/div>\n<\/div>\n\n\n\n<div class=\"wp-block-columns is-layout-flex wp-container-core-columns-is-layout-28f84493 wp-block-columns-is-layout-flex\">\n<div class=\"wp-block-column is-vertically-aligned-center is-layout-flow wp-block-column-is-layout-flow\">\n<p>Ficha de Inscri\u00e7\u00e3o Inf\u00e2ncia 2022-2023<\/p>\n<\/div>\n\n\n\n<div class=\"wp-block-column is-layout-flow wp-block-column-is-layout-flow\">\n<div class=\"wp-block-buttons is-layout-flex wp-block-buttons-is-layout-flex\">\n<div class=\"wp-block-button\"><a class=\"wp-block-button__link wp-element-button\" href=\"https:\/\/prodeco.pt\/wp-content\/themes\/fse-spiritual\/images\/docs\/FICHA%20DE%20INSCRI%C3%87%C3%83O%20INF%C3%82NCIA22.23.docx\" target=\"_blank\" rel=\"noreferrer noopener\">Descarregar<\/a><\/div>\n<\/div>\n<\/div>\n\n\n\n<div class=\"wp-block-column is-layout-flow wp-block-column-is-layout-flow\"><\/div>\n<\/div>\n\n\n\n<div class=\"wp-block-columns is-layout-flex wp-container-core-columns-is-layout-28f84493 wp-block-columns-is-layout-flex\">\n<div class=\"wp-block-column is-vertically-aligned-center is-layout-flow wp-block-column-is-layout-flow\">\n<p>Projeto Educativo de Institui\u00e7\u00e3o<\/p>\n<\/div>\n\n\n\n<div class=\"wp-block-column is-layout-flow wp-block-column-is-layout-flow\">\n<div class=\"wp-block-buttons is-layout-flex wp-block-buttons-is-layout-flex\">\n<div class=\"wp-block-button\"><a class=\"wp-block-button__link wp-element-button\" href=\"https:\/\/prodeco.pt\/wp-content\/themes\/fse-spiritual\/images\/docs\/projeto%20educativo%20da%20institui%C3%A7%C3%A3o.pdf\" target=\"_blank\" rel=\"noreferrer noopener\">Descarregar<\/a><\/div>\n<\/div>\n<\/div>\n\n\n\n<div class=\"wp-block-column is-layout-flow wp-block-column-is-layout-flow\"><\/div>\n<\/div>\n\n\n\n<div style=\"height:61px\" aria-hidden=\"true\" class=\"wp-block-spacer\"><\/div>\n","protected":false},"excerpt":{"rendered":"<p>\u201cA educa\u00e7\u00e3o pr\u00e9-escolar \u00e9 a primeira etapa da educa\u00e7\u00e3o b\u00e1sica no processo de educa\u00e7\u00e3o ao longo da vida, sendo complementar da a\u00e7\u00e3o educativa da fam\u00edlia, com a qual [&hellip;]<\/p>\n","protected":false},"author":1,"featured_media":0,"parent":0,"menu_order":0,"comment_status":"closed","ping_status":"closed","template":"","meta":{"ngg_post_thumbnail":0,"footnotes":""},"class_list":["post-33","page","type-page","status-publish","hentry"],"_links":{"self":[{"href":"https:\/\/prodeco.pt\/index.php?rest_route=\/wp\/v2\/pages\/33","targetHints":{"allow":["GET"]}}],"collection":[{"href":"https:\/\/prodeco.pt\/index.php?rest_route=\/wp\/v2\/pages"}],"about":[{"href":"https:\/\/prodeco.pt\/index.php?rest_route=\/wp\/v2\/types\/page"}],"author":[{"embeddable":true,"href":"https:\/\/prodeco.pt\/index.php?rest_route=\/wp\/v2\/users\/1"}],"replies":[{"embeddable":true,"href":"https:\/\/prodeco.pt\/index.php?rest_route=%2Fwp%2Fv2%2Fcomments&post=33"}],"version-history":[{"count":3,"href":"https:\/\/prodeco.pt\/index.php?rest_route=\/wp\/v2\/pages\/33\/revisions"}],"predecessor-version":[{"id":99,"href":"https:\/\/prodeco.pt\/index.php?rest_route=\/wp\/v2\/pages\/33\/revisions\/99"}],"wp:attachment":[{"href":"https:\/\/prodeco.pt\/index.php?rest_route=%2Fwp%2Fv2%2Fmedia&parent=33"}],"curies":[{"name":"wp","href":"https:\/\/api.w.org\/{rel}","templated":true}]}}