{"id":31,"date":"2023-03-27T11:19:21","date_gmt":"2023-03-27T11:19:21","guid":{"rendered":"https:\/\/prodeco.pt\/?page_id=31"},"modified":"2023-03-28T10:57:00","modified_gmt":"2023-03-28T10:57:00","slug":"creche","status":"publish","type":"page","link":"https:\/\/prodeco.pt\/?page_id=31","title":{"rendered":"Creche"},"content":{"rendered":"\n<figure class=\"wp-block-pullquote\"><blockquote><p>A Creche \u00e9 um equipamento de natureza socioeducativa vocacionada para o apoio \u00e0 fam\u00edlia e \u00e0 crian\u00e7a, destinado a acolher crian\u00e7as at\u00e9 aos 3 anos de idade durante o per\u00edodo correspondente ao impedimento dos pais ou de quem exer\u00e7a as responsabilidades parentais.<\/p><\/blockquote><\/figure>\n\n\n\n<div style=\"height:51px\" aria-hidden=\"true\" class=\"wp-block-spacer\"><\/div>\n\n\n\n<h5 class=\"wp-block-heading\"><strong>Objetivos<\/strong><\/h5>\n\n\n\n<ul class=\"wp-block-list\">\n<li>Facilitar a concilia\u00e7\u00e3o da vida familiar e profissional do agregado familiar;<\/li>\n\n\n\n<li>Colaborar com a fam\u00edlia numa partilha de cuidados e responsabilidades em todo o processo evolutivo da crian\u00e7a;<\/li>\n\n\n\n<li>Assegurar um atendimento individual e personalizado em fun\u00e7\u00e3o das necessidades espec\u00edficas de cada crian\u00e7a;<\/li>\n\n\n\n<li>Prevenir e despistar precocemente qualquer inadapta\u00e7\u00e3o, defici\u00eancia ou situa\u00e7\u00e3o de risco, assegurando o encaminhamento mais adequado;<\/li>\n\n\n\n<li>Proporcionar condi\u00e7\u00f5es para o desenvolvimento integral da crian\u00e7a, num ambiente de seguran\u00e7a f\u00edsica e efetiva;<\/li>\n\n\n\n<li>Promover a articula\u00e7\u00e3o com outros servi\u00e7os existentes na comunidade.&nbsp;<\/li>\n<\/ul>\n\n\n\n<div style=\"height:51px\" aria-hidden=\"true\" class=\"wp-block-spacer\"><\/div>\n\n\n\n<h5 class=\"wp-block-heading\"><strong>Servi\u00e7os<\/strong><\/h5>\n\n\n\n<div class=\"wp-block-columns is-layout-flex wp-container-core-columns-is-layout-28f84493 wp-block-columns-is-layout-flex\">\n<div class=\"wp-block-column is-layout-flow wp-block-column-is-layout-flow\">\n<figure class=\"wp-block-image aligncenter size-full\"><img loading=\"lazy\" decoding=\"async\" width=\"150\" height=\"150\" src=\"https:\/\/prodeco.pt\/wp-content\/uploads\/2023\/03\/creche-6.png\" alt=\"\" class=\"wp-image-82\"\/><\/figure>\n\n\n\n<p class=\"has-text-align-center\">Cuidados adequados \u00e0 <strong>satisfa\u00e7\u00e3o das necessidades da crian\u00e7a, nutri\u00e7\u00e3o e alimenta\u00e7\u00e3o adequada<\/strong>, qualitativa e quantitativamente, tendo em conta a idade da crian\u00e7a, sem preju\u00edzo de dietas especiais em caso de prescri\u00e7\u00e3o m\u00e9dica<\/p>\n\n\n\n<p><\/p>\n<\/div>\n\n\n\n<div class=\"wp-block-column is-layout-flow wp-block-column-is-layout-flow\">\n<figure class=\"wp-block-image aligncenter size-full\"><img loading=\"lazy\" decoding=\"async\" width=\"150\" height=\"150\" src=\"https:\/\/prodeco.pt\/wp-content\/uploads\/2023\/03\/creche-2.png\" alt=\"\" class=\"wp-image-78\"\/><\/figure>\n\n\n\n<p class=\"has-text-align-center\">Cuidados de <strong>higiene pessoal<\/strong><\/p>\n<\/div>\n\n\n\n<div class=\"wp-block-column is-layout-flow wp-block-column-is-layout-flow\">\n<figure class=\"wp-block-image aligncenter size-full\"><img loading=\"lazy\" decoding=\"async\" width=\"150\" height=\"150\" src=\"https:\/\/prodeco.pt\/wp-content\/uploads\/2023\/03\/creche-3.png\" alt=\"\" class=\"wp-image-79\"\/><\/figure>\n\n\n\n<p class=\"has-text-align-center\">Atendimento <strong>individualizado<\/strong>, de acordo com as capacidades e compet\u00eancias da crian\u00e7a<\/p>\n<\/div>\n<\/div>\n\n\n\n<div class=\"wp-block-columns is-layout-flex wp-container-core-columns-is-layout-28f84493 wp-block-columns-is-layout-flex\">\n<div class=\"wp-block-column is-layout-flow wp-block-column-is-layout-flow\">\n<figure class=\"wp-block-image aligncenter size-full\"><img loading=\"lazy\" decoding=\"async\" width=\"150\" height=\"150\" src=\"https:\/\/prodeco.pt\/wp-content\/uploads\/2023\/03\/creche-1.png\" alt=\"\" class=\"wp-image-77\"\/><\/figure>\n\n\n\n<p class=\"has-text-align-center\"><strong>Atividades pedag\u00f3gicas, l\u00fadicas e de motricidade<\/strong>, em fun\u00e7\u00e3o da idade e necessidades especificas da crian\u00e7a<\/p>\n\n\n\n<p><\/p>\n<\/div>\n\n\n\n<div class=\"wp-block-column is-layout-flow wp-block-column-is-layout-flow\">\n<figure class=\"wp-block-image aligncenter size-full\"><img loading=\"lazy\" decoding=\"async\" width=\"150\" height=\"150\" src=\"https:\/\/prodeco.pt\/wp-content\/uploads\/2023\/03\/creche-5.png\" alt=\"\" class=\"wp-image-81\"\/><\/figure>\n\n\n\n<p class=\"has-text-align-center\">Disponibiliza\u00e7\u00e3o de informa\u00e7\u00e3o, \u00e0 fam\u00edlia, sobre o <strong>funcionamento da creche e desenvolvimento da crian\u00e7a<\/strong><\/p>\n<\/div>\n\n\n\n<div class=\"wp-block-column is-layout-flow wp-block-column-is-layout-flow\">\n<figure class=\"wp-block-image aligncenter size-full\"><img loading=\"lazy\" decoding=\"async\" width=\"150\" height=\"150\" src=\"https:\/\/prodeco.pt\/wp-content\/uploads\/2023\/03\/creche-4.png\" alt=\"\" class=\"wp-image-80\"\/><\/figure>\n\n\n\n<p class=\"has-text-align-center\">Assist\u00eancia medicamentosa<\/p>\n<\/div>\n<\/div>\n\n\n\n<h6 class=\"wp-block-heading\">Servi\u00e7os complementares<\/h6>\n\n\n\n<ul class=\"wp-block-list\">\n<li>M\u00fasica<\/li>\n\n\n\n<li>Outros a definir no Projeto Educativo e que se mostrem essenciais para um desenvolvimento pleno.<\/li>\n<\/ul>\n\n\n\n<div style=\"height:51px\" aria-hidden=\"true\" class=\"wp-block-spacer\"><\/div>\n\n\n\n<h5 class=\"wp-block-heading\">&nbsp;Salas<\/h5>\n\n\n\n<p><strong>Ber\u00e7\u00e1rio <\/strong>\u2013 para beb\u00e9s dos 4 aos 12 meses;<\/p>\n\n\n\n<p><strong>Sala dos 12 meses <\/strong>\u2013 para beb\u00e9s dos 12 aos 24 meses;<\/p>\n\n\n\n<p><strong>Sala dos 24 meses<\/strong> \u2013 para crian\u00e7as dos 24 aos 36 meses.<\/p>\n\n\n\n<div style=\"height:51px\" aria-hidden=\"true\" class=\"wp-block-spacer\"><\/div>\n\n\n\n<h5 class=\"wp-block-heading\">Hor\u00e1rio de funcionamento<\/h5>\n\n\n\n<p>De segunda a sexta, das 7h30 \u00e0s 19h30<\/p>\n\n\n\n<div style=\"height:51px\" aria-hidden=\"true\" class=\"wp-block-spacer\"><\/div>\n\n\n\n<h5 class=\"wp-block-heading\">Documentos<\/h5>\n\n\n\n<div class=\"wp-block-columns is-layout-flex wp-container-core-columns-is-layout-28f84493 wp-block-columns-is-layout-flex\">\n<div class=\"wp-block-column is-vertically-aligned-center is-layout-flow wp-block-column-is-layout-flow\">\n<p>Regulamento Creche<\/p>\n<\/div>\n\n\n\n<div class=\"wp-block-column is-layout-flow wp-block-column-is-layout-flow\">\n<div class=\"wp-block-buttons is-layout-flex wp-block-buttons-is-layout-flex\">\n<div class=\"wp-block-button\"><a class=\"wp-block-button__link wp-element-button\" href=\"https:\/\/prodeco.pt\/wp-content\/themes\/fse-spiritual\/images\/docs\/Regulamento%20Creche.pdf\" target=\"_blank\" rel=\"noreferrer noopener\">Descarregar<\/a><\/div>\n<\/div>\n<\/div>\n\n\n\n<div class=\"wp-block-column is-layout-flow wp-block-column-is-layout-flow\"><\/div>\n<\/div>\n\n\n\n<div class=\"wp-block-columns is-layout-flex wp-container-core-columns-is-layout-28f84493 wp-block-columns-is-layout-flex\">\n<div class=\"wp-block-column is-vertically-aligned-center is-layout-flow wp-block-column-is-layout-flow\">\n<p>Regulamento CATL<\/p>\n<\/div>\n\n\n\n<div class=\"wp-block-column is-layout-flow wp-block-column-is-layout-flow\">\n<div class=\"wp-block-buttons is-layout-flex wp-block-buttons-is-layout-flex\">\n<div class=\"wp-block-button\"><a class=\"wp-block-button__link wp-element-button\" href=\"https:\/\/prodeco.pt\/wp-content\/themes\/fse-spiritual\/images\/docs\/regulamento%20CATL.pdf\" target=\"_blank\" rel=\"noreferrer noopener\">Descarregar<\/a><\/div>\n<\/div>\n<\/div>\n\n\n\n<div class=\"wp-block-column is-layout-flow wp-block-column-is-layout-flow\"><\/div>\n<\/div>\n\n\n\n<div class=\"wp-block-columns is-layout-flex wp-container-core-columns-is-layout-28f84493 wp-block-columns-is-layout-flex\">\n<div class=\"wp-block-column is-vertically-aligned-center is-layout-flow wp-block-column-is-layout-flow\">\n<p>Plano de Atividade Creche e Jardim<\/p>\n<\/div>\n\n\n\n<div class=\"wp-block-column is-layout-flow wp-block-column-is-layout-flow\">\n<div class=\"wp-block-buttons is-layout-flex wp-block-buttons-is-layout-flex\">\n<div class=\"wp-block-button\"><a class=\"wp-block-button__link wp-element-button\" href=\"https:\/\/prodeco.pt\/wp-content\/themes\/fse-spiritual\/images\/docs\/plano%20de%20atividade%20creche%20e%20jardim.pdf\" target=\"_blank\" rel=\"noreferrer noopener\">Descarregar<\/a><\/div>\n<\/div>\n<\/div>\n\n\n\n<div class=\"wp-block-column is-layout-flow wp-block-column-is-layout-flow\"><\/div>\n<\/div>\n\n\n\n<div class=\"wp-block-columns is-layout-flex wp-container-core-columns-is-layout-28f84493 wp-block-columns-is-layout-flex\">\n<div class=\"wp-block-column is-vertically-aligned-center is-layout-flow wp-block-column-is-layout-flow\">\n<p>Ficha de Inscri\u00e7\u00e3o Inf\u00e2ncia 2022-2023<\/p>\n<\/div>\n\n\n\n<div class=\"wp-block-column is-layout-flow wp-block-column-is-layout-flow\">\n<div class=\"wp-block-buttons is-layout-flex wp-block-buttons-is-layout-flex\">\n<div class=\"wp-block-button\"><a class=\"wp-block-button__link wp-element-button\" href=\"https:\/\/prodeco.pt\/wp-content\/themes\/fse-spiritual\/images\/docs\/FICHA%20DE%20INSCRI%C3%87%C3%83O%20INF%C3%82NCIA22.23.docx\" target=\"_blank\" rel=\"noreferrer noopener\">Descarregar<\/a><\/div>\n<\/div>\n<\/div>\n\n\n\n<div class=\"wp-block-column is-layout-flow wp-block-column-is-layout-flow\"><\/div>\n<\/div>\n\n\n\n<div class=\"wp-block-columns is-layout-flex wp-container-core-columns-is-layout-28f84493 wp-block-columns-is-layout-flex\">\n<div class=\"wp-block-column is-vertically-aligned-center is-layout-flow wp-block-column-is-layout-flow\">\n<p>Projeto Educativo de Institui\u00e7\u00e3o<\/p>\n<\/div>\n\n\n\n<div class=\"wp-block-column is-layout-flow wp-block-column-is-layout-flow\">\n<div class=\"wp-block-buttons is-layout-flex wp-block-buttons-is-layout-flex\">\n<div class=\"wp-block-button\"><a class=\"wp-block-button__link wp-element-button\" href=\"https:\/\/prodeco.pt\/wp-content\/themes\/fse-spiritual\/images\/docs\/projeto%20educativo%20da%20institui%C3%A7%C3%A3o.pdf\" target=\"_blank\" rel=\"noreferrer noopener\">Descarregar<\/a><\/div>\n<\/div>\n<\/div>\n\n\n\n<div class=\"wp-block-column is-layout-flow wp-block-column-is-layout-flow\"><\/div>\n<\/div>\n\n\n\n<div style=\"height:61px\" aria-hidden=\"true\" class=\"wp-block-spacer\"><\/div>\n","protected":false},"excerpt":{"rendered":"<p>A Creche \u00e9 um equipamento de natureza socioeducativa vocacionada para o apoio \u00e0 fam\u00edlia e \u00e0 crian\u00e7a, destinado a acolher crian\u00e7as at\u00e9 aos 3 anos de idade durante [&hellip;]<\/p>\n","protected":false},"author":1,"featured_media":0,"parent":0,"menu_order":0,"comment_status":"closed","ping_status":"closed","template":"","meta":{"ngg_post_thumbnail":0,"footnotes":""},"class_list":["post-31","page","type-page","status-publish","hentry"],"_links":{"self":[{"href":"https:\/\/prodeco.pt\/index.php?rest_route=\/wp\/v2\/pages\/31","targetHints":{"allow":["GET"]}}],"collection":[{"href":"https:\/\/prodeco.pt\/index.php?rest_route=\/wp\/v2\/pages"}],"about":[{"href":"https:\/\/prodeco.pt\/index.php?rest_route=\/wp\/v2\/types\/page"}],"author":[{"embeddable":true,"href":"https:\/\/prodeco.pt\/index.php?rest_route=\/wp\/v2\/users\/1"}],"replies":[{"embeddable":true,"href":"https:\/\/prodeco.pt\/index.php?rest_route=%2Fwp%2Fv2%2Fcomments&post=31"}],"version-history":[{"count":5,"href":"https:\/\/prodeco.pt\/index.php?rest_route=\/wp\/v2\/pages\/31\/revisions"}],"predecessor-version":[{"id":93,"href":"https:\/\/prodeco.pt\/index.php?rest_route=\/wp\/v2\/pages\/31\/revisions\/93"}],"wp:attachment":[{"href":"https:\/\/prodeco.pt\/index.php?rest_route=%2Fwp%2Fv2%2Fmedia&parent=31"}],"curies":[{"name":"wp","href":"https:\/\/api.w.org\/{rel}","templated":true}]}}