{"id":281,"date":"2023-04-20T10:25:34","date_gmt":"2023-04-20T10:25:34","guid":{"rendered":"https:\/\/prodeco.pt\/?page_id=281"},"modified":"2023-04-20T10:25:36","modified_gmt":"2023-04-20T10:25:36","slug":"politica-de-cookies","status":"publish","type":"page","link":"https:\/\/prodeco.pt\/?page_id=281","title":{"rendered":"Pol\u00edtica de Cookies"},"content":{"rendered":"\n<p>A pol\u00edtica de cookies da Prodeco foi desenvolvida para explicar aos utilizadores do nosso website como s\u00e3o utilizados os mesmos. Pretendemos que tenha uma experi\u00eancia de navega\u00e7\u00e3o segura e queremos demonstrar o nosso compromisso em proteger a privacidade dos seus dados.<\/p>\n\n\n\n<h3 class=\"wp-block-heading\"><strong>O que s\u00e3o cookies?<\/strong><\/h3>\n\n\n\n<p>Os cookies s\u00e3o pequenos arquivos de texto armazenados no seu equipamento (computador, tablet ou telem\u00f3vel) atrav\u00e9s da Internet. Ajudam a determinar a utilidade, interesse e o n\u00famero de utiliza\u00e7\u00f5es do nosso website. N\u00e3o incluem os seus dados pessoais.<\/p>\n\n\n\n<h3 class=\"wp-block-heading\"><strong>Para que utilizamos cookies?<\/strong><\/h3>\n\n\n\n<p>A Prodeco utiliza cookies para:<\/p>\n\n\n\n<ul class=\"wp-block-list\">\n<li>Conhecer os seus visitantes e, assim, melhorar a sua experi\u00eancia de navega\u00e7\u00e3o;<\/li>\n\n\n\n<li>Personalizar a informa\u00e7\u00e3o das p\u00e1ginas web que visita;<\/li>\n<\/ul>\n\n\n\n<h3 class=\"wp-block-heading\"><strong>Que tipo de cookies utilizamos?<\/strong><\/h3>\n\n\n\n<p>Com a ajuda destes cookies, a Prodeco potencia a cria\u00e7\u00e3o de um relacionamento com os visitantes e clientes de forma a melhorar a sua experi\u00eancia e recolher dados para continuarmos a aperfei\u00e7oar a sua navega\u00e7\u00e3o no site e os nossos produtos e servi\u00e7os. Os cookies que utilizamos s\u00e3o:<\/p>\n\n\n\n<p>Cookies de Funcionalidade: permitem-nos relembrar as prefer\u00eancias do utilizador relativamente \u00e0 navega\u00e7\u00e3o no nosso website. Assim, n\u00e3o necessita de o reconfigurar e personalizar cada vez que o visita. Este tipo de cookies n\u00e3o recolhe informa\u00e7\u00f5es que possam ser utilizados para fins de marketing.<\/p>\n\n\n\n<p>Cookies relacionados com a utiliza\u00e7\u00e3o das redes sociais: estes cookies est\u00e3o ligados aos servi\u00e7os fornecidos por terceiros, como os bot\u00f5es \u201cGosto\u201d ou \u201cPartilhar\u201d. S\u00e3o utilizados para lhe fornecer servi\u00e7os de partilha com as diferentes redes sociais. Recomendamos que consulte as pol\u00edticas de prote\u00e7\u00e3o da privacidade destas redes sociais para tomar conhecimento das informa\u00e7\u00f5es de navega\u00e7\u00e3o que podem recolher atrav\u00e9s destes bot\u00f5es de aplica\u00e7\u00e3o e das suas finalidades. Fazemos an\u00e1lise e recolha de dados que s\u00e3o disponibilizados pelos nossos utilizadores nas nossas redes sociais de acordo com os formul\u00e1rios que facultamos no decorrer das campanhas de comunica\u00e7\u00e3o que cada uma das plataformas disponibiliza. Estes dados s\u00e3o processados de acordo com os regulamentos de cada plataforma e com o consentimento pr\u00e9vio do utilizador.<\/p>\n\n\n\n<p>Ao navegar no nosso website, est\u00e1 a concordar com a instala\u00e7\u00e3o destes cookies no seu browser. Contudo, as prefer\u00eancias dos cookies podem ser limpas do seu browser a qualquer momento. Este procedimento pode ser manual ou pode ter nas suas defini\u00e7\u00f5es de utilizador dos dispositivos, as linhas orientadoras para o fazer.<\/p>\n\n\n\n<h3 class=\"wp-block-heading\"><strong>Desativa\u00e7\u00e3o de cookies<\/strong><\/h3>\n\n\n\n<p>\u00c9 poss\u00edvel gerir as op\u00e7\u00f5es de cookies de acordo com o navegador que est\u00e1 a utilizar. Pode gerir a configura\u00e7\u00e3o de cookies ajustando as configura\u00e7\u00f5es do seu browser. Tenha em considera\u00e7\u00e3o que desativar os cookies poder\u00e1 afetar as funcionalidades do nosso website e inativar certas caracter\u00edsticas. Neste sentido, para assegurar o bom funcionamento deste website, recomendamos que n\u00e3o desative os cookies. Se optar por desativar os cookies, a Prodeco, reserva-se no direito de rejeitar qualquer responsabilidade quanto \u00e0s consequ\u00eancias associadas a um funcionamento ineficaz do nosso website. Caso tenha alguma d\u00favida ou quest\u00e3o sobre Pol\u00edtica de Cookies da Prodeco , por favor, queira contactar-nos por correio eletr\u00f3nico atrav\u00e9s de geral@prodeco.pt.<\/p>\n","protected":false},"excerpt":{"rendered":"<p>A pol\u00edtica de cookies da Prodeco foi desenvolvida para explicar aos utilizadores do nosso website como s\u00e3o utilizados os mesmos. Pretendemos que tenha uma experi\u00eancia de navega\u00e7\u00e3o segura [&hellip;]<\/p>\n","protected":false},"author":1,"featured_media":0,"parent":0,"menu_order":0,"comment_status":"closed","ping_status":"closed","template":"","meta":{"ngg_post_thumbnail":0,"footnotes":""},"class_list":["post-281","page","type-page","status-publish","hentry"],"_links":{"self":[{"href":"https:\/\/prodeco.pt\/index.php?rest_route=\/wp\/v2\/pages\/281","targetHints":{"allow":["GET"]}}],"collection":[{"href":"https:\/\/prodeco.pt\/index.php?rest_route=\/wp\/v2\/pages"}],"about":[{"href":"https:\/\/prodeco.pt\/index.php?rest_route=\/wp\/v2\/types\/page"}],"author":[{"embeddable":true,"href":"https:\/\/prodeco.pt\/index.php?rest_route=\/wp\/v2\/users\/1"}],"replies":[{"embeddable":true,"href":"https:\/\/prodeco.pt\/index.php?rest_route=%2Fwp%2Fv2%2Fcomments&post=281"}],"version-history":[{"count":1,"href":"https:\/\/prodeco.pt\/index.php?rest_route=\/wp\/v2\/pages\/281\/revisions"}],"predecessor-version":[{"id":282,"href":"https:\/\/prodeco.pt\/index.php?rest_route=\/wp\/v2\/pages\/281\/revisions\/282"}],"wp:attachment":[{"href":"https:\/\/prodeco.pt\/index.php?rest_route=%2Fwp%2Fv2%2Fmedia&parent=281"}],"curies":[{"name":"wp","href":"https:\/\/api.w.org\/{rel}","templated":true}]}}