{"id":2,"date":"2023-03-23T16:53:50","date_gmt":"2023-03-23T16:53:50","guid":{"rendered":"https:\/\/prodeco.pt\/?page_id=2"},"modified":"2023-03-27T11:32:40","modified_gmt":"2023-03-27T11:32:40","slug":"apresentacao","status":"publish","type":"page","link":"https:\/\/prodeco.pt\/?page_id=2","title":{"rendered":"Apresenta\u00e7\u00e3o"},"content":{"rendered":"\n<figure class=\"wp-block-pullquote\"><blockquote><p>A PRODECO \u2013 Progresso e Desenvolvimento de Cov\u00f5es, \u00e9 uma Institui\u00e7\u00e3o Particular de Solidariedade Social, registada na Dire\u00e7\u00e3o Geral da Seguran\u00e7a Social, sob o n\u00ba 31\/92, folha 45 das Associa\u00e7\u00f5es de Solidariedade Social, a 11 de mar\u00e7o de 1992. Foi constitu\u00edda inicialmente com o nome de Liga de Melhoramentos de Cov\u00f5es, passando a PRODECO em dezembro de 1991, com o registo em cart\u00f3rio como Associa\u00e7\u00e3o.<\/p><\/blockquote><\/figure>\n\n\n\n<div style=\"height:51px\" aria-hidden=\"true\" class=\"wp-block-spacer\"><\/div>\n\n\n\n<p>Para a concretiza\u00e7\u00e3o deste projeto foi importante a colabora\u00e7\u00e3o da Junta de Freguesia de Cov\u00f5es (atualmente Uni\u00e3o de Freguesias de Cov\u00f5es e Camarneira), que doou o terreno. Importante tamb\u00e9m foi a mobiliza\u00e7\u00e3o dos emigrantes residentes nos Estados Unidos da Am\u00e9rica, que contribu\u00edram com grande parte das verbas conseguidas para a edifica\u00e7\u00e3o da Institui\u00e7\u00e3o, para al\u00e9m de outras ofertas da popula\u00e7\u00e3o da freguesia.<\/p>\n\n\n\n<p>O objetivo primordial da Liga de Melhoramentos foi conceber um projeto de apoio \u00e0 inf\u00e2ncia, objetivo este entregue \u00e0 PRODECO a tarefa de o concluir. Aquando da sua constitui\u00e7\u00e3o em cart\u00f3rio, deixou de ter como \u00e1rea de atua\u00e7\u00e3o principal a inf\u00e2ncia e foi inclu\u00edda a \u00e1rea dos idosos, assim como a \u00e1rea cultural e recreativa.<\/p>\n\n\n\n<p>Assim, a institui\u00e7\u00e3o passou por v\u00e1rias fases distintas:<\/p>\n\n\n<h5>1\u00aa fase<\/h5>\n\n\n<p><strong>8 de dezembro de 1993<\/strong> \u2013 Inaugura\u00e7\u00e3o das instala\u00e7\u00f5es para apoio a crian\u00e7as em idade de Creche, Pr\u00e9-escolar e CATL (Centro de Atividades de Tempos Livres);<\/p>\n\n\n<h5>2\u00aa fase<\/h5>\n\n\n<p><strong>27 de agosto de 1995<\/strong> \u2013 Inaugura\u00e7\u00e3o das instala\u00e7\u00f5es para apoio a Idosos com ERPI (Estrutura Residencial para Pessoas Idosas), Centro de Dia e SAD (Servi\u00e7o de Apoio Domicili\u00e1rio);<\/p>\n\n\n<h5>3\u00aa fase<\/h5>\n\n\n<p><strong>30 de maio de 2003<\/strong> \u2013 Inaugura\u00e7\u00e3o do aumento das instala\u00e7\u00f5es da resposta social de ERPI;<\/p>\n\n\n<h5>4\u00aa fase<\/h5>\n\n\n<p><strong>28 de junho de 2007<\/strong> \u2013 Inaugura\u00e7\u00e3o das novas instala\u00e7\u00f5es da resposta social de Creche;<\/p>\n\n\n<h5>5\u00aa fase<\/h5>\n\n\n<p><strong>21 de novembro de 2015<\/strong> \u2013 Requalifica\u00e7\u00e3o da parte antiga do lar.&nbsp;<\/p>\n\n\n\n<div style=\"height:51px\" aria-hidden=\"true\" class=\"wp-block-spacer\"><\/div>\n\n\n\n<hr class=\"wp-block-separator has-alpha-channel-opacity\"\/>\n\n\n\n<div style=\"height:51px\" aria-hidden=\"true\" class=\"wp-block-spacer\"><\/div>\n\n\n\n<h2 class=\"wp-block-heading\"><strong>Miss\u00e3o<\/strong><\/h2>\n\n\n\n<p><\/p>\n\n\n\n<p>A PRODECO tem como Miss\u00e3o prestar servi\u00e7os personalizados \u00e0s crian\u00e7as, idosos e \u00e0 comunidade, disponibilizando respostas inovadoras ao n\u00edvel sociocultural e educacional, que v\u00e3o ao encontro das suas necessidades.<\/p>\n\n\n\n<h2 class=\"wp-block-heading\"><strong><strong>Vis\u00e3o<\/strong><\/strong><\/h2>\n\n\n\n<p><\/p>\n\n\n\n<p>A PRODECO tem como vis\u00e3o, ou seja, como objetivos para o futuro, ser reconhecida como uma IPSS pioneira e de refer\u00eancia na implementa\u00e7\u00e3o de pol\u00edticas e pr\u00e1ticas de solidariedade e educa\u00e7\u00e3o, com qualidade e de uma forma sustentada.<\/p>\n\n\n\n<h2 class=\"wp-block-heading\"><strong><strong><strong>Valores<\/strong><\/strong><\/strong><\/h2>\n\n\n\n<p><\/p>\n\n\n\n<p>A PRODECO rege toda a sua atividade com base nos valores de Solidariedade, Igualdade, Humanidade, Respeito, \u00e9tica e Dedica\u00e7\u00e3o.<\/p>\n\n\n\n<div style=\"height:124px\" aria-hidden=\"true\" class=\"wp-block-spacer\"><\/div>\n","protected":false},"excerpt":{"rendered":"<p>A PRODECO \u2013 Progresso e Desenvolvimento de Cov\u00f5es, \u00e9 uma Institui\u00e7\u00e3o Particular de Solidariedade Social, registada na Dire\u00e7\u00e3o Geral da Seguran\u00e7a Social, sob o n\u00ba 31\/92, folha 45 [&hellip;]<\/p>\n","protected":false},"author":1,"featured_media":8,"parent":0,"menu_order":0,"comment_status":"closed","ping_status":"open","template":"","meta":{"ngg_post_thumbnail":0,"footnotes":""},"class_list":["post-2","page","type-page","status-publish","has-post-thumbnail","hentry"],"_links":{"self":[{"href":"https:\/\/prodeco.pt\/index.php?rest_route=\/wp\/v2\/pages\/2","targetHints":{"allow":["GET"]}}],"collection":[{"href":"https:\/\/prodeco.pt\/index.php?rest_route=\/wp\/v2\/pages"}],"about":[{"href":"https:\/\/prodeco.pt\/index.php?rest_route=\/wp\/v2\/types\/page"}],"author":[{"embeddable":true,"href":"https:\/\/prodeco.pt\/index.php?rest_route=\/wp\/v2\/users\/1"}],"replies":[{"embeddable":true,"href":"https:\/\/prodeco.pt\/index.php?rest_route=%2Fwp%2Fv2%2Fcomments&post=2"}],"version-history":[{"count":3,"href":"https:\/\/prodeco.pt\/index.php?rest_route=\/wp\/v2\/pages\/2\/revisions"}],"predecessor-version":[{"id":64,"href":"https:\/\/prodeco.pt\/index.php?rest_route=\/wp\/v2\/pages\/2\/revisions\/64"}],"wp:featuredmedia":[{"embeddable":true,"href":"https:\/\/prodeco.pt\/index.php?rest_route=\/wp\/v2\/media\/8"}],"wp:attachment":[{"href":"https:\/\/prodeco.pt\/index.php?rest_route=%2Fwp%2Fv2%2Fmedia&parent=2"}],"curies":[{"name":"wp","href":"https:\/\/api.w.org\/{rel}","templated":true}]}}